{"id":23,"date":"2016-11-06T10:52:30","date_gmt":"2016-11-06T10:52:30","guid":{"rendered":"http:\/\/blog.bergsaenger-music.de\/?page_id=23"},"modified":"2016-11-10T19:56:08","modified_gmt":"2016-11-10T19:56:08","slug":"label","status":"publish","type":"page","link":"http:\/\/www.bergsaenger-music.de\/?page_id=23","title":{"rendered":"Label"},"content":{"rendered":"<p>Das Label von bergs\u00e4nger music gbr ist<em><strong> bergs\u00e4nger records .<\/strong><\/em><\/p>\n<p><em><strong>Bergs\u00e4nger records<\/strong><\/em> ist ein erzgebirgisches Label und produziert nachfolgende K\u00fcnstler exklusiv oder nonexklusiv.<\/p>\n<p>&nbsp;<\/p>\n<p style=\"text-align: center;\"><strong>Bergs\u00e4nger Geyer<\/strong><\/p>\n<p style=\"text-align: center;\"><strong>Sandra und Susan<\/strong><\/p>\n<p style=\"text-align: center;\"><strong>Schwarzwasserperlen Bernsbach<\/strong><\/p>\n<p style=\"text-align: center;\"><strong>Bernsdorf Brass<\/strong><\/p>\n<p style=\"text-align: center;\"><strong>Bimmelbah Musikanten<\/strong><\/p>\n<p style=\"text-align: center;\"><strong>Madeleine Wolf<\/strong><\/p>\n<p style=\"text-align: center;\"><strong>Binge Maad Geyer<\/strong><\/p>\n<p style=\"text-align: center;\"><strong>Laura Wolf<\/strong><\/p>\n<p style=\"text-align: center;\">F\u00fcr Anfragen nehmen Sie bitte Kontakt mit uns auf!<\/p>\n<p style=\"text-align: right;\"><img loading=\"lazy\" decoding=\"async\" class=\" wp-image-58 aligncenter\" src=\"http:\/\/blog.bergsaenger-music.de\/wp-content\/uploads\/2016\/11\/logo-records-farbig-Kopie-300x180.jpg\" alt=\"logo-records-farbig-kopie\" width=\"138\" height=\"83\" srcset=\"http:\/\/www.bergsaenger-music.de\/wp-content\/uploads\/2016\/11\/logo-records-farbig-Kopie-300x180.jpg 300w, http:\/\/www.bergsaenger-music.de\/wp-content\/uploads\/2016\/11\/logo-records-farbig-Kopie-768x461.jpg 768w, http:\/\/www.bergsaenger-music.de\/wp-content\/uploads\/2016\/11\/logo-records-farbig-Kopie-1024x614.jpg 1024w, http:\/\/www.bergsaenger-music.de\/wp-content\/uploads\/2016\/11\/logo-records-farbig-Kopie-624x374.jpg 624w\" sizes=\"(max-width: 138px) 100vw, 138px\" \/><\/p>\n<p style=\"text-align: center;\">Folgende CD sind unter dem Label &#8222;bergs\u00e4nger records&#8220; ver\u00f6ffentlicht<\/p>\n<table width=\"100%\" cellspacing=\"0\" cellpadding=\"4\">\n<colgroup>\n<col width=\"112*\" \/>\n<col width=\"92*\" \/>\n<col width=\"53*\" \/> <\/colgroup>\n<tbody>\n<tr valign=\"top\">\n<td width=\"44%\"><span style=\"font-family: Times New Roman,serif;\"><span style=\"font-size: small;\"><i><b>Titel<\/b><\/i><\/span><\/span><\/td>\n<td width=\"36%\"><span style=\"font-family: Times New Roman,serif;\"><span style=\"font-size: small;\"><i><b>K\u00fcnstler<\/b><\/i><\/span><\/span><\/td>\n<td width=\"21%\"><span style=\"font-family: Times New Roman,serif;\"><span style=\"font-size: small;\"><i><b>Artikel\/ Bestellnummer<\/b><\/i><\/span><\/span><\/td>\n<\/tr>\n<tr valign=\"top\">\n<td width=\"44%\">\u201c<span style=\"font-family: Times New Roman,serif;\"><span style=\"font-size: small;\">Zeit dr tausend Lichter\u201d<\/span><\/span><\/td>\n<td width=\"36%\"><span style=\"font-family: Times New Roman,serif;\"><span style=\"font-size: small;\">Bergs\u00e4nger<\/span><\/span><\/td>\n<td width=\"21%\"><span style=\"font-family: Times New Roman,serif;\"><span style=\"font-size: small;\">9385<\/span><\/span><\/td>\n<\/tr>\n<tr valign=\"top\">\n<td width=\"44%\">\u201c<span style=\"font-family: Times New Roman,serif;\"><span style=\"font-size: small;\">Winterwei\u00dfe Bergweihnacht\u201d<\/span><\/span><\/td>\n<td width=\"36%\"><span style=\"font-family: Times New Roman,serif;\"><span style=\"font-size: small;\">Bergs\u00e4nger<\/span><\/span><\/td>\n<td width=\"21%\"><span style=\"font-family: Times New Roman,serif;\"><span style=\"font-size: small;\">9929<\/span><\/span><\/td>\n<\/tr>\n<tr valign=\"top\">\n<td width=\"44%\">\u201e<span style=\"font-family: Times New Roman,serif;\"><span style=\"font-size: small;\">Weihnachten in dr T\u00fcrmerstub\u201c<\/span><\/span><\/td>\n<td width=\"36%\"><span style=\"font-family: Times New Roman,serif;\"><span style=\"font-size: small;\">Bergs\u00e4nger u.a.<\/span><\/span><\/td>\n<td width=\"21%\"><span style=\"font-family: Times New Roman,serif;\"><span style=\"font-size: small;\">9438<\/span><\/span><\/td>\n<\/tr>\n<tr valign=\"top\">\n<td width=\"44%\">\u201e<span style=\"font-family: Times New Roman,serif;\"><span style=\"font-size: small;\">A Gahr gieht dahie\u201c<\/span><\/span><\/td>\n<td width=\"36%\"><span style=\"font-family: Times New Roman,serif;\"><span style=\"font-size: small;\">Bergs\u00e4nger<\/span><\/span><\/td>\n<td width=\"21%\"><span style=\"font-family: Times New Roman,serif;\"><span style=\"font-size: small;\">2443<\/span><\/span><\/td>\n<\/tr>\n<tr valign=\"top\">\n<td width=\"44%\">\u201e<span style=\"font-family: Times New Roman,serif;\"><span style=\"font-size: small;\">Gruss an de Haamit\u201c<\/span><\/span><\/td>\n<td width=\"36%\"><span style=\"font-family: Times New Roman,serif;\"><span style=\"font-size: small;\">Bergs\u00e4nger u.a.<\/span><\/span><\/td>\n<td width=\"21%\"><span style=\"font-family: Times New Roman,serif;\"><span style=\"font-size: small;\">4234<\/span><\/span><\/td>\n<\/tr>\n<tr valign=\"top\">\n<td width=\"44%\">\u201e<span style=\"font-family: Times New Roman,serif;\"><span style=\"font-size: small;\">Liebe Weihnacht nu kimmst du\u201c<\/span><\/span><\/td>\n<td width=\"36%\"><span style=\"font-family: Times New Roman,serif;\"><span style=\"font-size: small;\">Schwarzwasserperlen Bernsbach<\/span><\/span><\/td>\n<td width=\"21%\"><span style=\"font-family: Times New Roman,serif;\"><span style=\"font-size: small;\">59653<\/span><\/span><\/td>\n<\/tr>\n<tr valign=\"top\">\n<td width=\"44%\">\u201e<span style=\"font-family: Times New Roman,serif;\"><span style=\"font-size: small;\">Musikalische Wanderung durch die Jahreszeiten\u201c<\/span><\/span><\/td>\n<td width=\"36%\"><span style=\"font-family: Times New Roman,serif;\"><span style=\"font-size: small;\">Schwarzwasserperlen Bernsbach<\/span><\/span><\/td>\n<td width=\"21%\"><span style=\"font-family: Times New Roman,serif;\"><span style=\"font-size: small;\">63995<\/span><\/span><\/td>\n<\/tr>\n<tr valign=\"top\">\n<td width=\"44%\"><span style=\"font-family: Times New Roman,serif;\"><span style=\"font-size: small;\">Weihnachtsh\u00f6rspiel f\u00fcr Kinder in erzgebirgischer Mundart \u201eZeit dr tausend Lichter\u201c<\/span><\/span><\/td>\n<td width=\"36%\"><span style=\"font-family: Times New Roman,serif;\"><span style=\"font-size: small;\">Bergs\u00e4nger u.a.<\/span><\/span><\/td>\n<td width=\"21%\"><span style=\"font-family: Times New Roman,serif;\"><span style=\"font-size: small;\">9385-02<\/span><\/span><\/td>\n<\/tr>\n<tr valign=\"top\">\n<td width=\"44%\">\u201e<span style=\"font-family: Times New Roman,serif;\"><span style=\"font-size: small;\">Winterwei\u00dfes Weihnachtsland\u201c<\/span><\/span><\/td>\n<td width=\"36%\"><span style=\"font-family: Times New Roman,serif;\"><span style=\"font-size: small;\">Bergs\u00e4nger<\/span><\/span><\/td>\n<td width=\"21%\"><span style=\"font-family: Times New Roman,serif;\"><span style=\"font-size: small;\">9995<\/span><\/span><\/td>\n<\/tr>\n<tr valign=\"top\">\n<td width=\"44%\">\u201e <span style=\"font-family: Times New Roman,serif;\"><span style=\"font-size: small;\">Schneegest\u00f6ber\u201c<\/span><\/span><\/td>\n<td width=\"36%\"><span style=\"font-family: Times New Roman,serif;\"><span style=\"font-size: small;\">Bergs\u00e4nger<\/span><\/span><\/td>\n<td width=\"21%\"><span style=\"font-family: Times New Roman,serif;\"><span style=\"font-size: small;\">7979<\/span><\/span><\/td>\n<\/tr>\n<tr valign=\"top\">\n<td width=\"44%\">\u201e<span style=\"font-family: Times New Roman,serif;\"><span style=\"font-size: small;\">Schau immer nach vorn\u201c<\/span><\/span><\/td>\n<td width=\"36%\"><span style=\"font-family: Times New Roman,serif;\"><span style=\"font-size: small;\">Bergs\u00e4nger<\/span><\/span><\/td>\n<td width=\"21%\"><span style=\"font-family: Times New Roman,serif;\"><span style=\"font-size: small;\">7468<\/span><\/span><\/td>\n<\/tr>\n<tr valign=\"top\">\n<td width=\"44%\">\u201e<span style=\"font-family: Times New Roman,serif;\"><span style=\"font-size: small;\">So klingts bei uns im Arzgebirg\u201c<\/span><\/span><\/td>\n<td width=\"36%\"><span style=\"font-family: Times New Roman,serif;\"><span style=\"font-size: small;\">Bergs\u00e4nger u.a.<\/span><\/span><\/td>\n<td width=\"21%\"><span style=\"font-family: Times New Roman,serif;\"><span style=\"font-size: small;\">7549-02<\/span><\/span><\/td>\n<\/tr>\n<tr valign=\"top\">\n<td width=\"44%\">\u201e<span style=\"font-family: Times New Roman,serif;\"><span style=\"font-size: small;\">Winterfraad im Pulverschnee\u201c<\/span><\/span><\/td>\n<td width=\"36%\"><span style=\"font-family: Times New Roman,serif;\"><span style=\"font-size: small;\">Schwarzwasserperlen Bernsbach<\/span><\/span><\/td>\n<td width=\"21%\"><span style=\"font-family: Times New Roman,serif;\"><span style=\"font-size: small;\">9877<\/span><\/span><\/td>\n<\/tr>\n<tr valign=\"top\">\n<td width=\"44%\">\u201e<span style=\"font-family: Times New Roman,serif;\"><span style=\"font-size: small;\">Blechbl\u00e4serweihnacht im Erzgebirge\u201c<\/span><\/span><\/td>\n<td width=\"36%\"><span style=\"font-family: Times New Roman,serif;\"><span style=\"font-size: small;\">Bernsdorf Brass<\/span><\/span><\/td>\n<td width=\"21%\"><span style=\"font-family: Times New Roman,serif;\"><span style=\"font-size: small;\">9322<\/span><\/span><\/td>\n<\/tr>\n<tr valign=\"top\">\n<td width=\"44%\">\u201e<span style=\"font-family: Times New Roman,serif;\"><span style=\"font-size: small;\">Dresdner Winterlichter\u201c<\/span><\/span><\/td>\n<td width=\"36%\"><span style=\"font-family: Times New Roman,serif;\"><span style=\"font-size: small;\">Bergs\u00e4nger u.a.<\/span><\/span><\/td>\n<td width=\"21%\"><span style=\"font-family: Times New Roman,serif;\"><span style=\"font-size: small;\">3395<\/span><\/span><\/td>\n<\/tr>\n<tr valign=\"top\">\n<td width=\"44%\">\u201e<span style=\"font-family: Times New Roman,serif;\"><span style=\"font-size: small;\">SchwibbRock \u2013 nu packt er aus dr Weihnachtsmaa!\u201c<\/span><\/span><\/td>\n<td width=\"36%\"><span style=\"font-family: Times New Roman,serif;\"><span style=\"font-size: small;\">Bergs\u00e4nger<\/span><\/span><\/td>\n<td width=\"21%\"><span style=\"font-family: Times New Roman,serif;\"><span style=\"font-size: small;\">77625<\/span><\/span><\/td>\n<\/tr>\n<tr valign=\"top\">\n<td width=\"44%\">\u201e<span style=\"font-family: Times New Roman,serif;\"><span style=\"font-size: small;\">Weihnacht am Kamin\u201c<\/span><\/span><\/td>\n<td width=\"36%\"><span style=\"color: #000000;\"><span style=\"font-family: Times New Roman,serif;\"><span style=\"font-size: small;\">Bimmelbah Musikanten<\/span><\/span><\/span><\/td>\n<td width=\"21%\"><span style=\"font-family: Times New Roman,serif;\"><span style=\"font-size: small;\">925<\/span><\/span><\/td>\n<\/tr>\n<tr valign=\"top\">\n<td width=\"44%\">\u201e<span style=\"font-family: Times New Roman,serif;\"><span style=\"font-size: small;\">Seelenverwand\u201c<\/span><\/span><\/td>\n<td width=\"36%\"><span style=\"font-family: Times New Roman,serif;\"><span style=\"font-size: small;\">Sandra und Susan<\/span><\/span><\/td>\n<td width=\"21%\">\n<p lang=\"fr-FR\"><span style=\"color: #0f0f0f;\"><span style=\"font-family: Times New Roman,serif;\"><span style=\"font-size: small;\">7589<\/span><\/span><\/span><\/p>\n<\/td>\n<\/tr>\n<tr valign=\"top\">\n<td width=\"44%\"><span style=\"color: #000000;\">\u201e<span style=\"font-family: Times New Roman,serif;\"><span style=\"font-size: small;\">Himmelw\u00e4rts\u201c<\/span><\/span><\/span><\/td>\n<td width=\"36%\"><span style=\"color: #000000;\"><span style=\"font-family: Times New Roman,serif;\"><span style=\"font-size: small;\">Madeleine Wolf<\/span><\/span><\/span><\/td>\n<td width=\"21%\">\n<p lang=\"fr-FR\"><span style=\"color: #0f0f0f;\"><span style=\"font-family: Times New Roman,serif;\"><span style=\"font-size: small;\">4669<\/span><\/span><\/span><\/p>\n<\/td>\n<\/tr>\n<tr valign=\"top\">\n<td width=\"44%\"><span style=\"color: #000000;\"><span style=\"font-family: Times New Roman,serif;\"><span style=\"font-size: small;\">Weihnachten \u2013 Zeit f\u00fcr Tr\u00e4ume<\/span><\/span><\/span><\/td>\n<td width=\"36%\"><span style=\"color: #000000;\"><span style=\"font-family: Times New Roman,serif;\"><span style=\"font-size: small;\">Madeleine Wolf<\/span><\/span><\/span><\/td>\n<td width=\"21%\">\n<p lang=\"fr-FR\"><span style=\"color: #0f0f0f;\"><span style=\"font-family: Times New Roman,serif;\"><span style=\"font-size: small;\">9938<\/span><\/span><\/span><\/p>\n<\/td>\n<\/tr>\n<tr valign=\"top\">\n<td width=\"44%\"><span style=\"color: #000000;\"><span style=\"font-family: Times New Roman,serif;\"><span style=\"font-size: small;\">Arzgebirg mei Haamitland<\/span><\/span><\/span><\/td>\n<td width=\"36%\"><span style=\"color: #000000;\"><span style=\"font-family: Times New Roman,serif;\"><span style=\"font-size: small;\">Bimmelbah Musikanten<\/span><\/span><\/span><\/td>\n<td width=\"21%\">\n<p lang=\"fr-FR\"><span style=\"color: #0f0f0f;\"><span style=\"font-family: Times New Roman,serif;\"><span style=\"font-size: small;\">3645<\/span><\/span><\/span><\/p>\n<\/td>\n<\/tr>\n<\/tbody>\n<\/table>\n","protected":false},"excerpt":{"rendered":"<p>Das Label von bergs\u00e4nger music gbr ist bergs\u00e4nger records . Bergs\u00e4nger records ist ein erzgebirgisches Label und produziert nachfolgende K\u00fcnstler<\/p>\n","protected":false},"author":1,"featured_media":0,"parent":0,"menu_order":0,"comment_status":"closed","ping_status":"closed","template":"","meta":{"footnotes":""},"class_list":["post-23","page","type-page","status-publish","hentry"],"_links":{"self":[{"href":"http:\/\/www.bergsaenger-music.de\/index.php?rest_route=\/wp\/v2\/pages\/23"}],"collection":[{"href":"http:\/\/www.bergsaenger-music.de\/index.php?rest_route=\/wp\/v2\/pages"}],"about":[{"href":"http:\/\/www.bergsaenger-music.de\/index.php?rest_route=\/wp\/v2\/types\/page"}],"author":[{"embeddable":true,"href":"http:\/\/www.bergsaenger-music.de\/index.php?rest_route=\/wp\/v2\/users\/1"}],"replies":[{"embeddable":true,"href":"http:\/\/www.bergsaenger-music.de\/index.php?rest_route=%2Fwp%2Fv2%2Fcomments&post=23"}],"version-history":[{"count":14,"href":"http:\/\/www.bergsaenger-music.de\/index.php?rest_route=\/wp\/v2\/pages\/23\/revisions"}],"predecessor-version":[{"id":101,"href":"http:\/\/www.bergsaenger-music.de\/index.php?rest_route=\/wp\/v2\/pages\/23\/revisions\/101"}],"wp:attachment":[{"href":"http:\/\/www.bergsaenger-music.de\/index.php?rest_route=%2Fwp%2Fv2%2Fmedia&parent=23"}],"curies":[{"name":"wp","href":"https:\/\/api.w.org\/{rel}","templated":true}]}}