{"id":26,"date":"2016-11-06T10:52:04","date_gmt":"2016-11-06T10:52:04","guid":{"rendered":"http:\/\/blog.bergsaenger-music.de\/?page_id=26"},"modified":"2019-11-08T14:57:56","modified_gmt":"2019-11-08T14:57:56","slug":"kuenstlervermittlung","status":"publish","type":"page","link":"http:\/\/www.bergsaenger-music.de\/?page_id=26","title":{"rendered":"K\u00fcnstler"},"content":{"rendered":"<p>Folgende, von<strong> bergs\u00e4nger music<\/strong> produzierten K\u00fcnstler,k\u00f6nnen Sie auch direkt \u00fcber unsere Agentur buchen. Die K\u00fcnstler pr\u00e4sentieren sich nachfolgend mit ihren aktuellen, bei<strong>\u00a0<\/strong> unserem Label<strong> bergs\u00e4nger records<\/strong> erschienenen, CDs.<\/p>\n<p class=\"Stil1\" style=\"text-align: left;\" align=\"center\">Nehmen Sie <a href=\"http:\/\/www.bergsaenger-music.de\/?page_id=75\">Kontakt<\/a> zu uns auf und Sie erhalten ein pers\u00f6nliches Angebot.<\/p>\n<hr \/>\n<h5 style=\"text-align: left;\">Bergs\u00e4nger Geyer (CD &#8222;SchwibbRock&#8220;)<\/h5>\n<p><a href=\"http:\/\/www.bergsaenger-geyer.de\"><img loading=\"lazy\" decoding=\"async\" src=\"http:\/\/berggeschrey2016.de\/mediapool\/135\/1356727\/resources\/big_37342126_0_400-397.jpg\" alt=\"Aktuelle CD \" width=\"400\" height=\"396\" \/><\/a><\/p>\n<p style=\"text-align: left;\"><embed src=\"http:\/\/player.zimbalam.com\/player\/3614596348407\/6\/black\/1\/0\/0\/de\/\" type=\"application\/x-shockwave-flash\" width=\"420\" height=\"490\"><\/embed><\/p>\n<hr \/>\n<h5 style=\"text-align: left;\">Sandra und Susan (CD Seelenverwandt)<\/h5>\n<p><a href=\"http:\/\/www.sandra-susan.de\"><img loading=\"lazy\" decoding=\"async\" class=\"size-medium\" src=\"http:\/\/www.musik-aus-dem-erzgebirge.de\/data\/19107\/files\/390\/390\/2\/b01ggj2rju.main_.jpg\" alt=\"Sandra und Susan (CD Seelenverwandt)\" width=\"390\" height=\"390\" \/><\/a><\/p>\n<p style=\"text-align: left;\"><embed src=\"http:\/\/player.zimbalam.com\/player\/4260136320359\/6\/black\/0\/0\/0\/de\/\" type=\"application\/x-shockwave-flash\" width=\"420\" height=\"490\"><\/embed><\/p>\n<hr \/>\n<h5 style=\"text-align: left;\">Schwarzwasserperlen (CD Winterfraad im Pulverschnee)<\/h5>\n<p><a href=\"http:\/\/www.schwarzwasserperlen.de\"><img loading=\"lazy\" decoding=\"async\" src=\"http:\/\/www.musik-aus-dem-erzgebirge.de\/data\/19107\/files\/390\/390\/2\/winfra1.jpg\" alt=\"Schwarzwasserperlen Bernsbach (CD Winterfraad im Pulverschnee)\" width=\"390\" height=\"390\" \/><\/a><\/p>\n<p style=\"text-align: left;\"><embed src=\"http:\/\/player.zimbalam.com\/player\/4260136320212\/6\/black\/0\/0\/0\/de\/\" type=\"application\/x-shockwave-flash\" width=\"420\" height=\"490\"><\/embed><\/p>\n<hr \/>\n<h5 style=\"text-align: left;\">Bernsdorf Brass (CD Blechbl\u00e4serweihnacht im Erzgebirge)<\/h5>\n<h2 style=\"text-align: left;\"><a href=\"http:\/\/www.bernsdorfbrass.de\"><img loading=\"lazy\" decoding=\"async\" class=\"size-medium\" src=\"http:\/\/www.musik-aus-dem-erzgebirge.de\/data\/19107\/files\/390\/390\/2\/bb1.jpg\" alt=\"Bernsdorf Brass (CD Blechbl\u00e4serweihnacht im Erzgebirge)\" width=\"390\" height=\"390\" \/><\/a><\/h2>\n<hr \/>\n<h5 style=\"text-align: left;\">Bimmelbah Musikanten (CD Weihnacht am Kamin)<\/h5>\n<p><a href=\"http:\/\/www.bimmelbah.de\"><img loading=\"lazy\" decoding=\"async\" src=\"http:\/\/www.musik-aus-dem-erzgebirge.de\/data\/19107\/files\/390\/390\/2\/wak1.jpg\" alt=\"Bimmelbah Musikanten (CD Weihnacht am Kamin)\" width=\"390\" height=\"390\" \/><\/a><br \/>\n<embed src=\"http:\/\/player.zimbalam.com\/player\/4260136320281\/6\/black\/0\/0\/0\/de\/\" type=\"application\/x-shockwave-flash\" width=\"420\" height=\"490\"><\/embed><\/p>\n<hr \/>\n<h5 style=\"text-align: left;\">Madeleine Wolf (CD Weihnachten &#8211; Zeit f\u00fcr Tr\u00e4ume)<\/h5>\n<p><a href=\"http:\/\/www.musik-mit-madeleine.de\/\"><img loading=\"lazy\" decoding=\"async\" class=\"size-medium\" src=\"http:\/\/www.musik-aus-dem-erzgebirge.de\/data\/19107\/files\/390\/390\/2\/wzdt1.jpg\" alt=\"Madeleine Wolf (CD Weihnachten - Zeit f\u00fcr Tr\u00e4ume)\" width=\"390\" height=\"390\" \/><\/a><br \/>\n<embed src=\"http:\/\/player.zimbalam.com\/player\/4260136320298\/6\/black\/0\/0\/0\/de\/\" type=\"application\/x-shockwave-flash\" width=\"420\" height=\"490\"><\/embed><\/p>\n<hr \/>\n<h5 style=\"text-align: left;\"><\/h5>\n","protected":false},"excerpt":{"rendered":"<p>Folgende, von bergs\u00e4nger music produzierten K\u00fcnstler,k\u00f6nnen Sie auch direkt \u00fcber unsere Agentur buchen. Die K\u00fcnstler pr\u00e4sentieren sich nachfolgend mit ihren<\/p>\n","protected":false},"author":1,"featured_media":0,"parent":0,"menu_order":0,"comment_status":"closed","ping_status":"closed","template":"","meta":{"footnotes":""},"class_list":["post-26","page","type-page","status-publish","hentry"],"_links":{"self":[{"href":"http:\/\/www.bergsaenger-music.de\/index.php?rest_route=\/wp\/v2\/pages\/26"}],"collection":[{"href":"http:\/\/www.bergsaenger-music.de\/index.php?rest_route=\/wp\/v2\/pages"}],"about":[{"href":"http:\/\/www.bergsaenger-music.de\/index.php?rest_route=\/wp\/v2\/types\/page"}],"author":[{"embeddable":true,"href":"http:\/\/www.bergsaenger-music.de\/index.php?rest_route=\/wp\/v2\/users\/1"}],"replies":[{"embeddable":true,"href":"http:\/\/www.bergsaenger-music.de\/index.php?rest_route=%2Fwp%2Fv2%2Fcomments&post=26"}],"version-history":[{"count":25,"href":"http:\/\/www.bergsaenger-music.de\/index.php?rest_route=\/wp\/v2\/pages\/26\/revisions"}],"predecessor-version":[{"id":114,"href":"http:\/\/www.bergsaenger-music.de\/index.php?rest_route=\/wp\/v2\/pages\/26\/revisions\/114"}],"wp:attachment":[{"href":"http:\/\/www.bergsaenger-music.de\/index.php?rest_route=%2Fwp%2Fv2%2Fmedia&parent=26"}],"curies":[{"name":"wp","href":"https:\/\/api.w.org\/{rel}","templated":true}]}}